{"id":17,"date":"2018-08-30T13:08:59","date_gmt":"2018-08-30T13:08:59","guid":{"rendered":"https:\/\/colloquium-sicherheitspolitik.ch\/?page_id=17"},"modified":"2019-09-13T10:54:56","modified_gmt":"2019-09-13T10:54:56","slug":"wahr-und-buergernah-muss-es-sein","status":"publish","type":"page","link":"https:\/\/colloquium-sicherheitspolitik.ch\/","title":{"rendered":"Im sicherheitspolitischen Fokus"},"content":{"rendered":"\n<p>Die <strong>nukleare Frage<\/strong> ist zur\u00fcck. Eine <strong>Welt ohne Atomwaffen<\/strong> ist eine Illusion. Atombomben, die ultimative Waffe, sie sind wieder ein <strong>Mittel der Sicherheitspolitik,<\/strong> die nukleare Erpressung keine Schim\u00e4re.<\/p>\n\n\n\n<p>Im <strong>Kalten Krieg<\/strong> wirkten die Atomwaffen regulierend: Zwei Bl\u00f6cke, die einander ausl\u00f6schen konnten. Die Epoche war gekennzeichnet durch das <strong>Gleichgewicht des Schreckens.<\/strong><\/p>\n\n\n\n<p>Im Gegensatz zu jener bipolaren Weltstruktur drehen neue Konkurrenten an der <strong>atomaren R\u00fcstungsspirale.<\/strong> Gleichzeitig entziehen sie sich bewusst einer R\u00fcstungskontrolle.<\/p>\n\n\n\n<p>Das Netz der <strong>atomaren Abr\u00fcstungsvertr\u00e4ge<\/strong> droht zu reissen. Das Bewusstsein gemeinsamer <strong>Verantwortung,<\/strong> welches die Maschen zusammenhielt, schwindet. Wo <strong>Wettbewerb<\/strong> herrscht, l\u00e4sst man sich ungern in die Karten schauen. Das schr\u00e4nkt die <strong>R\u00fcstungskontrolle<\/strong> ein.<\/p>\n\n\n\n<p>Der <strong>INF-Vertrag<\/strong> wurde gek\u00fcndigt. Er untersagte den <strong>USA<\/strong> und <strong>Russland<\/strong> in Europa die Stationierung von <strong>Mittelstreckenraketen,<\/strong> die auch mit nuklearen K\u00f6pfen best\u00fcckt werden k\u00f6nnen.<\/p>\n\n\n\n<p>Der INF war f\u00fcr Europa der Garant, dass es nicht allein zum Schauplatz eines <strong>nuklearen Schlagabtausches<\/strong> w\u00fcrde. Der INF betrifft die <strong>europ\u00e4ische Sicherheit,<\/strong> entschieden wird aber in <strong>Moskau<\/strong> und <strong>Washington.<\/strong> Russland d\u00fcrfte bald f\u00e4hig sein, den alten Kontinent nuklear zu erpressen.<\/p>\n\n\n\n<p><strong>Europa<\/strong> ist im <strong>Zugzwang,<\/strong> ist uneinig, ob es amerikanische Raketen auf seinem Territorium will. Russland muss niemanden fragen, wenn es Raketen auf seinem Territorium stationiert.<\/p>\n\n\n\n<p>Und <strong>Pr\u00e4sident Trump<\/strong> stellt die Hilfe an Europa in Frage. Warum sollten die USA Europa zu Hilfe eilen, wenn sich die atomare Bedrohung begrenzen liesse?<\/p>\n\n\n\n<p>2021 l\u00e4uft das <strong>New Start-Abkommen<\/strong> (Beschr\u00e4nkung der russischen und amerikanischen Langstreckenraketen) aus. Offenbar besteht kein Wille zur Verl\u00e4ngerung, da <strong>China<\/strong> nicht eingebunden ist.<\/p>\n\n\n\n<p>Steht jetzt eine <strong>Generation von Regierungen<\/strong> an der Macht, welche die <strong>apokalyptischen Auswirkungen<\/strong> der Atomwaffe fahrl\u00e4ssig untersch\u00e4tzt? Die eigene Macht, das eigene Potenzial, f\u00fchrend sein, lautet die Devise.<\/p>\n\n\n\n<p><strong>Wie sieht das neue atomare Wettr\u00fcsten aus?<\/strong> Die Technologie ist noch lange nicht am Ende. Machen letale autonome Waffensysteme Nuklearwaffen allenfalls \u00fcberfl\u00fcssig?<\/p>\n\n\n\n<p>Das <strong>25. Colloquium Sicherheitspolitik<\/strong> findet am <strong>Montag, 28. Oktober 2019,<\/strong> von <strong>18:00 bis 20:30 Uhr,<\/strong> neu im <strong>Lavaterhaus, Lavatersaal, St.Peterhofstatt 6, 8001 Z\u00fcrich,<\/strong> statt.<\/p>\n\n\n\n<p>In diesem Jahr wird das Thema <strong>\u00abAtomares Aufr\u00fcsten \u2013 Wettbewerb ohne Grenzen?\u00bb<\/strong> behandelt werden. Hierf\u00fcr konnten wiederum renommierte Referentinnen und Referenten gewonnen werden.<\/p>\n\n\n\n<p>Zum Programm gelangen Sie <a href=\"https:\/\/colloquium-sicherheitspolitik.ch\/?page_id=159\" target=\"_blank\" rel=\"noreferrer noopener\" aria-label=\"HIER (\u00f6ffnet in neuem Tab)\">HIER<\/a>.<\/p>\n\n\n\n<p>Zum Veranstaltungsflyer gelangen Sie <a href=\"https:\/\/colloquium-sicherheitspolitik.ch\/wp-content\/uploads\/2019\/09\/WebflyerA5_Colloquium_2019_6seitig.pdf\" target=\"_blank\" rel=\"noreferrer noopener\" aria-label=\"HIER (\u00f6ffnet in neuem Tab)\">HIER<\/a>.<\/p>\n","protected":false},"excerpt":{"rendered":"<p>Die nukleare Frage ist zur\u00fcck. Eine Welt ohne Atomwaffen ist eine Illusion. Atombomben, die ultimative Waffe, sie sind wieder ein Mittel der Sicherheitspolitik, die nukleare Erpressung keine Schim\u00e4re. Im Kalten Krieg wirkten die Atomwaffen regulierend: Zwei Bl\u00f6cke, die einander ausl\u00f6schen konnten. Die Epoche war gekennzeichnet durch das Gleichgewicht des Schreckens. Im Gegensatz zu jener bipolaren &hellip;<\/p>\n","protected":false},"author":1,"featured_media":0,"parent":0,"menu_order":0,"comment_status":"closed","ping_status":"closed","template":"","meta":[],"_links":{"self":[{"href":"https:\/\/colloquium-sicherheitspolitik.ch\/index.php?rest_route=\/wp\/v2\/pages\/17"}],"collection":[{"href":"https:\/\/colloquium-sicherheitspolitik.ch\/index.php?rest_route=\/wp\/v2\/pages"}],"about":[{"href":"https:\/\/colloquium-sicherheitspolitik.ch\/index.php?rest_route=\/wp\/v2\/types\/page"}],"author":[{"embeddable":true,"href":"https:\/\/colloquium-sicherheitspolitik.ch\/index.php?rest_route=\/wp\/v2\/users\/1"}],"replies":[{"embeddable":true,"href":"https:\/\/colloquium-sicherheitspolitik.ch\/index.php?rest_route=%2Fwp%2Fv2%2Fcomments&post=17"}],"version-history":[{"count":28,"href":"https:\/\/colloquium-sicherheitspolitik.ch\/index.php?rest_route=\/wp\/v2\/pages\/17\/revisions"}],"predecessor-version":[{"id":235,"href":"https:\/\/colloquium-sicherheitspolitik.ch\/index.php?rest_route=\/wp\/v2\/pages\/17\/revisions\/235"}],"wp:attachment":[{"href":"https:\/\/colloquium-sicherheitspolitik.ch\/index.php?rest_route=%2Fwp%2Fv2%2Fmedia&parent=17"}],"curies":[{"name":"wp","href":"https:\/\/api.w.org\/{rel}","templated":true}]}}